{"id":401,"date":"2022-06-06T01:22:29","date_gmt":"2022-06-06T04:22:29","guid":{"rendered":"https:\/\/lhouniville.org\/?page_id=401"},"modified":"2025-08-13T15:12:08","modified_gmt":"2025-08-13T18:12:08","slug":"doacoes","status":"publish","type":"page","link":"https:\/\/lhouniville.org\/index.php\/doacoes\/","title":{"rendered":"Doa\u00e7\u00f5es"},"content":{"rendered":"\t\t<div data-elementor-type=\"wp-page\" data-elementor-id=\"401\" class=\"elementor elementor-401\">\n\t\t\t\t\t\t\t\t\t<section class=\"elementor-section elementor-top-section elementor-element elementor-element-532629f elementor-section-boxed elementor-section-height-default elementor-section-height-default wpr-particle-no wpr-jarallax-no wpr-parallax-no wpr-sticky-section-no\" data-id=\"532629f\" data-element_type=\"section\">\n\t\t\t\t\t\t<div class=\"elementor-container elementor-column-gap-default\">\n\t\t\t\t\t<div class=\"elementor-column elementor-col-100 elementor-top-column elementor-element elementor-element-4b5e4a5\" data-id=\"4b5e4a5\" data-element_type=\"column\">\n\t\t\t<div class=\"elementor-widget-wrap elementor-element-populated\">\n\t\t\t\t\t\t\t\t<div class=\"elementor-element elementor-element-324bcff elementor-widget elementor-widget-spacer\" data-id=\"324bcff\" data-element_type=\"widget\" data-widget_type=\"spacer.default\">\n\t\t\t\t<div class=\"elementor-widget-container\">\n\t\t\t<style>\/*! elementor - v3.13.3 - 28-05-2023 *\/\n.elementor-column .elementor-spacer-inner{height:var(--spacer-size)}.e-con{--container-widget-width:100%}.e-con-inner>.elementor-widget-spacer,.e-con>.elementor-widget-spacer{width:var(--container-widget-width,var(--spacer-size));--align-self:var(--container-widget-align-self,initial);--flex-shrink:0}.e-con-inner>.elementor-widget-spacer>.elementor-widget-container,.e-con-inner>.elementor-widget-spacer>.elementor-widget-container>.elementor-spacer,.e-con>.elementor-widget-spacer>.elementor-widget-container,.e-con>.elementor-widget-spacer>.elementor-widget-container>.elementor-spacer{height:100%}.e-con-inner>.elementor-widget-spacer>.elementor-widget-container>.elementor-spacer>.elementor-spacer-inner,.e-con>.elementor-widget-spacer>.elementor-widget-container>.elementor-spacer>.elementor-spacer-inner{height:var(--container-widget-height,var(--spacer-size))}<\/style>\t\t<div class=\"elementor-spacer\">\n\t\t\t<div class=\"elementor-spacer-inner\"><\/div>\n\t\t<\/div>\n\t\t\t\t<\/div>\n\t\t\t\t<\/div>\n\t\t\t\t\t<\/div>\n\t\t<\/div>\n\t\t\t\t\t\t\t<\/div>\n\t\t<\/section>\n\t\t\t\t<section class=\"elementor-section elementor-top-section elementor-element elementor-element-8e2fe60 elementor-section-boxed elementor-section-height-default elementor-section-height-default wpr-particle-no wpr-jarallax-no wpr-parallax-no wpr-sticky-section-no\" data-id=\"8e2fe60\" data-element_type=\"section\">\n\t\t\t\t\t\t<div class=\"elementor-container elementor-column-gap-default\">\n\t\t\t\t\t<div class=\"elementor-column elementor-col-100 elementor-top-column elementor-element elementor-element-d3813d3\" data-id=\"d3813d3\" data-element_type=\"column\">\n\t\t\t<div class=\"elementor-widget-wrap elementor-element-populated\">\n\t\t\t\t\t\t\t\t<div class=\"elementor-element elementor-element-39a0d6d elementor-widget elementor-widget-heading\" data-id=\"39a0d6d\" data-element_type=\"widget\" data-widget_type=\"heading.default\">\n\t\t\t\t<div class=\"elementor-widget-container\">\n\t\t\t<style>\/*! elementor - v3.13.3 - 28-05-2023 *\/\n.elementor-heading-title{padding:0;margin:0;line-height:1}.elementor-widget-heading .elementor-heading-title[class*=elementor-size-]>a{color:inherit;font-size:inherit;line-height:inherit}.elementor-widget-heading .elementor-heading-title.elementor-size-small{font-size:15px}.elementor-widget-heading .elementor-heading-title.elementor-size-medium{font-size:19px}.elementor-widget-heading .elementor-heading-title.elementor-size-large{font-size:29px}.elementor-widget-heading .elementor-heading-title.elementor-size-xl{font-size:39px}.elementor-widget-heading .elementor-heading-title.elementor-size-xxl{font-size:59px}<\/style><h2 class=\"elementor-heading-title elementor-size-default\">Doa\u00e7\u00f5es<\/h2>\t\t<\/div>\n\t\t\t\t<\/div>\n\t\t\t\t\t<\/div>\n\t\t<\/div>\n\t\t\t\t\t\t\t<\/div>\n\t\t<\/section>\n\t\t\t\t<section class=\"elementor-section elementor-top-section elementor-element elementor-element-eaeec54 elementor-section-boxed elementor-section-height-default elementor-section-height-default wpr-particle-no wpr-jarallax-no wpr-parallax-no wpr-sticky-section-no\" data-id=\"eaeec54\" data-element_type=\"section\">\n\t\t\t\t\t\t<div class=\"elementor-container elementor-column-gap-default\">\n\t\t\t\t\t<div class=\"elementor-column elementor-col-100 elementor-top-column elementor-element elementor-element-f19f065\" data-id=\"f19f065\" data-element_type=\"column\">\n\t\t\t<div class=\"elementor-widget-wrap elementor-element-populated\">\n\t\t\t\t\t\t\t\t<div class=\"elementor-element elementor-element-f3c4158 elementor-widget elementor-widget-spacer\" data-id=\"f3c4158\" data-element_type=\"widget\" data-widget_type=\"spacer.default\">\n\t\t\t\t<div class=\"elementor-widget-container\">\n\t\t\t\t\t<div class=\"elementor-spacer\">\n\t\t\t<div class=\"elementor-spacer-inner\"><\/div>\n\t\t<\/div>\n\t\t\t\t<\/div>\n\t\t\t\t<\/div>\n\t\t\t\t\t<\/div>\n\t\t<\/div>\n\t\t\t\t\t\t\t<\/div>\n\t\t<\/section>\n\t\t\t\t<section class=\"elementor-section elementor-top-section elementor-element elementor-element-02364d9 elementor-section-boxed elementor-section-height-default elementor-section-height-default wpr-particle-no wpr-jarallax-no wpr-parallax-no wpr-sticky-section-no\" data-id=\"02364d9\" data-element_type=\"section\">\n\t\t\t\t\t\t<div class=\"elementor-container elementor-column-gap-default\">\n\t\t\t\t\t<div class=\"elementor-column elementor-col-100 elementor-top-column elementor-element elementor-element-d4ef7f7\" data-id=\"d4ef7f7\" data-element_type=\"column\">\n\t\t\t<div class=\"elementor-widget-wrap elementor-element-populated\">\n\t\t\t\t\t\t\t\t<div class=\"elementor-element elementor-element-0876ee6 elementor-widget elementor-widget-text-editor\" data-id=\"0876ee6\" data-element_type=\"widget\" data-widget_type=\"text-editor.default\">\n\t\t\t\t<div class=\"elementor-widget-container\">\n\t\t\t<style>\/*! elementor - v3.13.3 - 28-05-2023 *\/\n.elementor-widget-text-editor.elementor-drop-cap-view-stacked .elementor-drop-cap{background-color:#69727d;color:#fff}.elementor-widget-text-editor.elementor-drop-cap-view-framed .elementor-drop-cap{color:#69727d;border:3px solid;background-color:transparent}.elementor-widget-text-editor:not(.elementor-drop-cap-view-default) .elementor-drop-cap{margin-top:8px}.elementor-widget-text-editor:not(.elementor-drop-cap-view-default) .elementor-drop-cap-letter{width:1em;height:1em}.elementor-widget-text-editor .elementor-drop-cap{float:left;text-align:center;line-height:1;font-size:50px}.elementor-widget-text-editor .elementor-drop-cap-letter{display:inline-block}<\/style>\t\t\t\t<div id=\"comp-kp32f81p\" class=\"_1Q9if\" data-testid=\"richTextElement\"><p class=\"font_8\" style=\"text-align: justify;\"><span class=\"color_15\">O LHO recebe doa\u00e7\u00f5es de entrevistas orais resultantes de projetos de ensino, pesquisa e\/ou extens\u00e3o que utilizaram a metodologia da hist\u00f3ria oral em algum momento do seu desenvolvimento. Para que sua doa\u00e7\u00e3o seja incorporada ao acervo \u00e9 necess\u00e1rio se dirigir ao LHO e levar:<\/span><\/p><\/div><div id=\"comp-kp32pp4q\" class=\"_1Q9if\" data-testid=\"richTextElement\"><ul><li style=\"list-style-type: none;\"><ul><li style=\"list-style-type: none;\"><ul><li style=\"list-style-type: none;\"><ul class=\"font_8 color_15\"><li><p class=\"font_8\"><span class=\"color_15\">Uma c\u00f3pia digital da entrevista oral, preferencialmente gravada em CD, DVD ou remetida via e-mail;<\/span>\u200b<\/p><\/li><\/ul><\/li><\/ul><\/li><\/ul><\/li><\/ul><ul><li style=\"list-style-type: none;\"><ul><li style=\"list-style-type: none;\"><ul><li style=\"list-style-type: none;\"><ul class=\"font_8 color_15\"><li><p class=\"font_8\"><span class=\"color_15\"><b><a href=\"https:\/\/docs.google.com\/document\/d\/1mzWYdPKAw5lLsfffEihL8jaDg7bXYIHR\/edit?usp=sharing&amp;ouid=114856561376380677324&amp;rtpof=true&amp;sd=true\">Termo de Doa\u00e7\u00e3o da Entrevista Oral<\/a><\/b>:\u00a0Documento original devidamente assinado pelas pessoas envolvidas com a entrevista;<\/span>\u200b<\/p><\/li><\/ul><\/li><\/ul><\/li><\/ul><\/li><\/ul><ul><li style=\"list-style-type: none;\"><ul><li style=\"list-style-type: none;\"><ul><li style=\"list-style-type: none;\"><ul class=\"font_8 color_15\"><li><p class=\"font_8\"><span class=\"color_15\"><a href=\"https:\/\/docs.google.com\/document\/d\/1F5QRLQOVJnXAG5ah22gtKnfJaOChPw3b\/edit?usp=sharing&amp;ouid=114856561376380677324&amp;rtpof=true&amp;sd=true\" target=\"_blank\" rel=\"noopener\"><strong>Ficha de Identifica\u00e7\u00e3o de Entrevista Oral<\/strong><\/a>: Documento original devidamente assinado pelas pessoas envolvidas com a entrevista;<\/span><\/p><\/li><li><p class=\"font_8\"><strong><a href=\"https:\/\/docs.google.com\/document\/d\/17bIRWXvr_sUZR-9XipezsxwO5blDD35R\/edit?usp=sharing&amp;ouid=114856561376380677324&amp;rtpof=true&amp;sd=true\">Autoriza\u00e7\u00e3o\u200b para Uso de Dados Pessoais &#8211; Imagem e\/ou Voz<\/a><\/strong>: Documento original devidamente assinado pelo entrevistado;<\/p><\/li><li><p class=\"font_8\"><strong><a href=\"https:\/\/docs.google.com\/document\/d\/1aqCMCtLL6VKA5yJ8Dd88yuOg557OTA9T\/edit?usp=sharing&amp;ouid=114856561376380677324&amp;rtpof=true&amp;sd=true\">Invent\u00e1rio Descritivo de Anexo &#8211; Documento<\/a><\/strong>: Documento original devidamente preenchido e assinado;<\/p><\/li><li><strong><a href=\"https:\/\/docs.google.com\/document\/d\/1si9rmc_rpz6LMgv8sn0LwXTt7O0WtgsG\/edit?usp=sharing&amp;ouid=114856561376380677324&amp;rtpof=true&amp;sd=true\">Invent\u00e1rio Descritivo de Anexo &#8211; Imagem<\/a><\/strong>: Documento original devidamente preenchido e assinado;\u00a0 \u00a0 \u00a0 \u00a0 \u00a0 \u00a0 \u00a0 \u00a0 \u00a0 \u00a0 \u00a0 \u00a0 \u00a0 \u00a0 \u00a0 \u00a0 \u00a0 \u00a0 \u00a0 \u00a0 \u00a0 \u00a0 \u00a0 \u00a0 \u00a0 \u00a0 \u00a0 \u00a0 \u00a0 \u00a0 \u00a0 \u00a0 \u00a0 \u00a0 \u00a0 \u00a0 \u00a0 \u00a0<\/li><li><strong><a href=\"https:\/\/docs.google.com\/document\/d\/1OBl-bhBlNcR3iXUYW6Xnx2aG3_SAcWFO\/edit?usp=sharing&amp;ouid=114856561376380677324&amp;rtpof=true&amp;sd=true\">Invent\u00e1rio Descritivo de Anexo &#8211; Objetos Tridimensionais<\/a><\/strong>: Documento original devidamente preenchido e assinado;\u00a0 \u00a0 \u00a0 \u00a0 \u00a0 \u00a0 \u00a0 \u00a0 \u00a0 \u00a0 \u00a0 \u00a0 \u00a0 \u00a0 \u00a0 \u00a0 \u00a0 \u00a0 \u00a0 \u00a0 \u00a0 \u00a0 \u00a0\u00a0<\/li><\/ul><\/li><\/ul><\/li><\/ul><\/li><\/ul><ul><li style=\"list-style-type: none;\"><ul><li style=\"list-style-type: none;\"><ul><li style=\"list-style-type: none;\"><ul class=\"font_8 color_15\"><li><p class=\"font_8\"><span class=\"color_15\">Uma c\u00f3pia da transcri\u00e7\u00e3o da entrevista: uma c\u00f3pia digital ou impressa da transcri\u00e7\u00e3o &#8211; <strong><a href=\"https:\/\/docs.google.com\/document\/d\/1WWXwF5RHriVeY7Em8U5jDu35HWLTyEnZ\/edit?usp=sharing&amp;ouid=114856561376380677324&amp;rtpof=true&amp;sd=true\">Modelo de Transcri\u00e7\u00e3o<\/a><\/strong>;<\/span>\u200b<\/p><\/li><\/ul><\/li><\/ul><\/li><\/ul><\/li><\/ul><ul><li style=\"list-style-type: none;\"><ul><li style=\"list-style-type: none;\"><ul><li style=\"list-style-type: none;\"><ul class=\"font_8 color_15\"><li><p class=\"font_8\" style=\"text-align: justify;\"><span class=\"color_15\">Uma c\u00f3pia do projeto: uma c\u00f3pia digital ou impressa do projeto de ensino, pesquisa e\/ou extens\u00e3o do qual a entrevista \u00e9 resultante (se houver).<\/span><\/p><\/li><\/ul><\/li><\/ul><\/li><\/ul><\/li><\/ul><\/div>\t\t\t\t\t\t<\/div>\n\t\t\t\t<\/div>\n\t\t\t\t\t<\/div>\n\t\t<\/div>\n\t\t\t\t\t\t\t<\/div>\n\t\t<\/section>\n\t\t\t\t<section class=\"elementor-section elementor-top-section elementor-element elementor-element-f8c38e3 elementor-section-boxed elementor-section-height-default elementor-section-height-default wpr-particle-no wpr-jarallax-no wpr-parallax-no wpr-sticky-section-no\" data-id=\"f8c38e3\" data-element_type=\"section\">\n\t\t\t\t\t\t<div class=\"elementor-container elementor-column-gap-default\">\n\t\t\t\t\t<div class=\"elementor-column elementor-col-100 elementor-top-column elementor-element elementor-element-d6d70ec\" data-id=\"d6d70ec\" data-element_type=\"column\">\n\t\t\t<div class=\"elementor-widget-wrap elementor-element-populated\">\n\t\t\t\t\t\t\t\t<div class=\"elementor-element elementor-element-912bfb5 elementor-widget elementor-widget-spacer\" data-id=\"912bfb5\" data-element_type=\"widget\" data-widget_type=\"spacer.default\">\n\t\t\t\t<div class=\"elementor-widget-container\">\n\t\t\t\t\t<div class=\"elementor-spacer\">\n\t\t\t<div class=\"elementor-spacer-inner\"><\/div>\n\t\t<\/div>\n\t\t\t\t<\/div>\n\t\t\t\t<\/div>\n\t\t\t\t\t<\/div>\n\t\t<\/div>\n\t\t\t\t\t\t\t<\/div>\n\t\t<\/section>\n\t\t\t\t\t\t\t<\/div>\n\t\t","protected":false},"excerpt":{"rendered":"<p>Doa\u00e7\u00f5es O LHO recebe doa\u00e7\u00f5es de entrevistas orais resultantes de projetos de ensino, pesquisa e\/ou extens\u00e3o que utilizaram a metodologia da hist\u00f3ria oral em algum momento do seu desenvolvimento. Para que sua doa\u00e7\u00e3o seja incorporada ao acervo \u00e9 necess\u00e1rio se dirigir ao LHO e levar: Uma c\u00f3pia digital da entrevista oral, preferencialmente gravada em CD, DVD ou remetida via e-mail;\u200b Termo de Doa\u00e7\u00e3o da Entrevista Oral:\u00a0Documento original devidamente assinado pelas pessoas envolvidas com a entrevista;\u200b Ficha de Identifica\u00e7\u00e3o de Entrevista Oral: Documento original devidamente assinado pelas pessoas envolvidas com a entrevista; Autoriza\u00e7\u00e3o\u200b para Uso de Dados Pessoais &#8211; Imagem e\/ou Voz: Documento original devidamente assinado pelo entrevistado; Invent\u00e1rio Descritivo de Anexo &#8211; Documento: Documento original devidamente preenchido e assinado; Invent\u00e1rio Descritivo de Anexo &#8211; Imagem: Documento original devidamente preenchido e assinado;\u00a0 \u00a0 \u00a0 \u00a0 \u00a0 \u00a0 \u00a0 \u00a0 \u00a0 \u00a0 \u00a0 \u00a0 \u00a0 \u00a0 \u00a0 \u00a0 \u00a0 \u00a0 \u00a0 \u00a0 \u00a0 \u00a0 \u00a0 \u00a0 \u00a0 \u00a0 \u00a0 \u00a0 \u00a0 \u00a0 \u00a0 \u00a0 \u00a0 \u00a0 \u00a0 \u00a0 \u00a0 \u00a0 Invent\u00e1rio Descritivo de Anexo &#8211; Objetos Tridimensionais: Documento original devidamente preenchido e assinado;\u00a0 \u00a0 \u00a0 \u00a0 \u00a0 \u00a0 \u00a0 \u00a0 \u00a0 \u00a0 \u00a0 \u00a0 \u00a0 \u00a0 \u00a0 \u00a0 \u00a0 \u00a0 \u00a0 \u00a0 \u00a0 \u00a0 \u00a0\u00a0 Uma c\u00f3pia da transcri\u00e7\u00e3o da entrevista: uma c\u00f3pia digital ou impressa da transcri\u00e7\u00e3o &#8211; Modelo de Transcri\u00e7\u00e3o;\u200b Uma c\u00f3pia do projeto: uma c\u00f3pia digital ou impressa do projeto de ensino, pesquisa e\/ou extens\u00e3o do qual a entrevista \u00e9 resultante (se houver).<\/p>\n","protected":false},"author":1,"featured_media":0,"parent":0,"menu_order":0,"comment_status":"closed","ping_status":"closed","template":"page-templates\/template-pagebuilder-full-width.php","meta":{"_monsterinsights_skip_tracking":false,"_monsterinsights_sitenote_active":false,"_monsterinsights_sitenote_note":"","_monsterinsights_sitenote_category":0,"neve_meta_sidebar":"","neve_meta_container":"","neve_meta_enable_content_width":"","neve_meta_content_width":0,"neve_meta_title_alignment":"","neve_meta_author_avatar":"","neve_post_elements_order":"","neve_meta_disable_header":"","neve_meta_disable_footer":"","neve_meta_disable_title":"","footnotes":""},"aioseo_notices":[],"_links":{"self":[{"href":"https:\/\/lhouniville.org\/index.php\/wp-json\/wp\/v2\/pages\/401"}],"collection":[{"href":"https:\/\/lhouniville.org\/index.php\/wp-json\/wp\/v2\/pages"}],"about":[{"href":"https:\/\/lhouniville.org\/index.php\/wp-json\/wp\/v2\/types\/page"}],"author":[{"embeddable":true,"href":"https:\/\/lhouniville.org\/index.php\/wp-json\/wp\/v2\/users\/1"}],"replies":[{"embeddable":true,"href":"https:\/\/lhouniville.org\/index.php\/wp-json\/wp\/v2\/comments?post=401"}],"version-history":[{"count":23,"href":"https:\/\/lhouniville.org\/index.php\/wp-json\/wp\/v2\/pages\/401\/revisions"}],"predecessor-version":[{"id":2391,"href":"https:\/\/lhouniville.org\/index.php\/wp-json\/wp\/v2\/pages\/401\/revisions\/2391"}],"wp:attachment":[{"href":"https:\/\/lhouniville.org\/index.php\/wp-json\/wp\/v2\/media?parent=401"}],"curies":[{"name":"wp","href":"https:\/\/api.w.org\/{rel}","templated":true}]}}